{"id":1154,"date":"2023-01-06T07:02:59","date_gmt":"2023-01-06T07:02:59","guid":{"rendered":"http:\/\/acplasticjsc.com\/?post_type=product&#038;p=1154"},"modified":"2023-01-06T07:02:59","modified_gmt":"2023-01-06T07:02:59","slug":"tai-che-tui-ldpe-tui-in-ao-phong-3-mau","status":"publish","type":"product","link":"https:\/\/acplasticjsc.com\/vi\/product\/tai-che-tui-ldpe-tui-in-ao-phong-3-mau\/","title":{"rendered":"T\u00e1i ch\u1ebf t\u00fai LDPE T\u00fai in \u00e1o ph\u00f4ng 3 m\u00e0u"},"content":{"rendered":"","protected":false},"featured_media":831,"template":"","category_product":[38],"yoast_head":"<!-- This site is optimized with the Yoast SEO plugin v20.1 - https:\/\/yoast.com\/wordpress\/plugins\/seo\/ -->\n<title>T\u00e1i ch\u1ebf t\u00fai LDPE T\u00fai in \u00e1o ph\u00f4ng 3 m\u00e0u - ACPlastic<\/title>\n<meta name=\"robots\" content=\"index, follow, max-snippet:-1, max-image-preview:large, max-video-preview:-1\" \/>\n<link rel=\"canonical\" href=\"https:\/\/acplasticjsc.com\/vi\/product\/tai-che-tui-ldpe-tui-in-ao-phong-3-mau\/\" \/>\n<meta property=\"og:locale\" content=\"vi_VN\" \/>\n<meta property=\"og:type\" content=\"article\" \/>\n<meta property=\"og:title\" content=\"T\u00e1i ch\u1ebf t\u00fai LDPE T\u00fai in \u00e1o ph\u00f4ng 3 m\u00e0u - ACPlastic\" \/>\n<meta property=\"og:url\" content=\"https:\/\/acplasticjsc.com\/vi\/product\/tai-che-tui-ldpe-tui-in-ao-phong-3-mau\/\" \/>\n<meta property=\"og:site_name\" content=\"ACPlastic\" \/>\n<meta property=\"article:publisher\" content=\"https:\/\/www.facebook.com\/acplasticbag\/\" \/>\n<meta property=\"og:image\" content=\"https:\/\/acplasticjsc.com\/wp-content\/uploads\/2022\/12\/SHA2761-02-200x300-1.jpg\" \/>\n\t<meta property=\"og:image:width\" content=\"200\" \/>\n\t<meta property=\"og:image:height\" content=\"300\" \/>\n\t<meta property=\"og:image:type\" content=\"image\/jpeg\" \/>\n<meta name=\"twitter:card\" content=\"summary_large_image\" \/>\n<script type=\"application\/ld+json\" class=\"yoast-schema-graph\">{\"@context\":\"https:\/\/schema.org\",\"@graph\":[{\"@type\":\"WebPage\",\"@id\":\"https:\/\/acplasticjsc.com\/vi\/product\/tai-che-tui-ldpe-tui-in-ao-phong-3-mau\/\",\"url\":\"https:\/\/acplasticjsc.com\/vi\/product\/tai-che-tui-ldpe-tui-in-ao-phong-3-mau\/\",\"name\":\"T\u00e1i ch\u1ebf t\u00fai LDPE T\u00fai in \u00e1o ph\u00f4ng 3 m\u00e0u - ACPlastic\",\"isPartOf\":{\"@id\":\"https:\/\/acplasticjsc.com\/vi\/#website\"},\"datePublished\":\"2023-01-06T07:02:59+00:00\",\"dateModified\":\"2023-01-06T07:02:59+00:00\",\"breadcrumb\":{\"@id\":\"https:\/\/acplasticjsc.com\/vi\/product\/tai-che-tui-ldpe-tui-in-ao-phong-3-mau\/#breadcrumb\"},\"inLanguage\":\"vi\",\"potentialAction\":[{\"@type\":\"ReadAction\",\"target\":[\"https:\/\/acplasticjsc.com\/vi\/product\/tai-che-tui-ldpe-tui-in-ao-phong-3-mau\/\"]}]},{\"@type\":\"BreadcrumbList\",\"@id\":\"https:\/\/acplasticjsc.com\/vi\/product\/tai-che-tui-ldpe-tui-in-ao-phong-3-mau\/#breadcrumb\",\"itemListElement\":[{\"@type\":\"ListItem\",\"position\":1,\"name\":\"Home\",\"item\":\"https:\/\/acplasticjsc.com\/vi\/\"},{\"@type\":\"ListItem\",\"position\":2,\"name\":\"T\u00e1i ch\u1ebf t\u00fai LDPE T\u00fai in \u00e1o ph\u00f4ng 3 m\u00e0u\"}]},{\"@type\":\"WebSite\",\"@id\":\"https:\/\/acplasticjsc.com\/vi\/#website\",\"url\":\"https:\/\/acplasticjsc.com\/vi\/\",\"name\":\"ACPlastic\",\"description\":\"\",\"publisher\":{\"@id\":\"https:\/\/acplasticjsc.com\/vi\/#organization\"},\"potentialAction\":[{\"@type\":\"SearchAction\",\"target\":{\"@type\":\"EntryPoint\",\"urlTemplate\":\"https:\/\/acplasticjsc.com\/vi\/?s={search_term_string}\"},\"query-input\":\"required name=search_term_string\"}],\"inLanguage\":\"vi\"},{\"@type\":\"Organization\",\"@id\":\"https:\/\/acplasticjsc.com\/vi\/#organization\",\"name\":\"ACPlastic JSC\",\"url\":\"https:\/\/acplasticjsc.com\/vi\/\",\"logo\":{\"@type\":\"ImageObject\",\"inLanguage\":\"vi\",\"@id\":\"https:\/\/acplasticjsc.com\/vi\/#\/schema\/logo\/image\/\",\"url\":\"http:\/\/acplasticjsc.com\/wp-content\/uploads\/2022\/12\/logo.png\",\"contentUrl\":\"http:\/\/acplasticjsc.com\/wp-content\/uploads\/2022\/12\/logo.png\",\"width\":184,\"height\":139,\"caption\":\"ACPlastic JSC\"},\"image\":{\"@id\":\"https:\/\/acplasticjsc.com\/vi\/#\/schema\/logo\/image\/\"},\"sameAs\":[\"https:\/\/www.facebook.com\/acplasticbag\/\"]}]}<\/script>\n<!-- \/ Yoast SEO plugin. -->","yoast_head_json":{"title":"T\u00e1i ch\u1ebf t\u00fai LDPE T\u00fai in \u00e1o ph\u00f4ng 3 m\u00e0u - ACPlastic","robots":{"index":"index","follow":"follow","max-snippet":"max-snippet:-1","max-image-preview":"max-image-preview:large","max-video-preview":"max-video-preview:-1"},"canonical":"https:\/\/acplasticjsc.com\/vi\/product\/tai-che-tui-ldpe-tui-in-ao-phong-3-mau\/","og_locale":"vi_VN","og_type":"article","og_title":"T\u00e1i ch\u1ebf t\u00fai LDPE T\u00fai in \u00e1o ph\u00f4ng 3 m\u00e0u - ACPlastic","og_url":"https:\/\/acplasticjsc.com\/vi\/product\/tai-che-tui-ldpe-tui-in-ao-phong-3-mau\/","og_site_name":"ACPlastic","article_publisher":"https:\/\/www.facebook.com\/acplasticbag\/","og_image":[{"width":200,"height":300,"url":"https:\/\/acplasticjsc.com\/wp-content\/uploads\/2022\/12\/SHA2761-02-200x300-1.jpg","type":"image\/jpeg"}],"twitter_card":"summary_large_image","schema":{"@context":"https:\/\/schema.org","@graph":[{"@type":"WebPage","@id":"https:\/\/acplasticjsc.com\/vi\/product\/tai-che-tui-ldpe-tui-in-ao-phong-3-mau\/","url":"https:\/\/acplasticjsc.com\/vi\/product\/tai-che-tui-ldpe-tui-in-ao-phong-3-mau\/","name":"T\u00e1i ch\u1ebf t\u00fai LDPE T\u00fai in \u00e1o ph\u00f4ng 3 m\u00e0u - ACPlastic","isPartOf":{"@id":"https:\/\/acplasticjsc.com\/vi\/#website"},"datePublished":"2023-01-06T07:02:59+00:00","dateModified":"2023-01-06T07:02:59+00:00","breadcrumb":{"@id":"https:\/\/acplasticjsc.com\/vi\/product\/tai-che-tui-ldpe-tui-in-ao-phong-3-mau\/#breadcrumb"},"inLanguage":"vi","potentialAction":[{"@type":"ReadAction","target":["https:\/\/acplasticjsc.com\/vi\/product\/tai-che-tui-ldpe-tui-in-ao-phong-3-mau\/"]}]},{"@type":"BreadcrumbList","@id":"https:\/\/acplasticjsc.com\/vi\/product\/tai-che-tui-ldpe-tui-in-ao-phong-3-mau\/#breadcrumb","itemListElement":[{"@type":"ListItem","position":1,"name":"Home","item":"https:\/\/acplasticjsc.com\/vi\/"},{"@type":"ListItem","position":2,"name":"T\u00e1i ch\u1ebf t\u00fai LDPE T\u00fai in \u00e1o ph\u00f4ng 3 m\u00e0u"}]},{"@type":"WebSite","@id":"https:\/\/acplasticjsc.com\/vi\/#website","url":"https:\/\/acplasticjsc.com\/vi\/","name":"ACPlastic","description":"","publisher":{"@id":"https:\/\/acplasticjsc.com\/vi\/#organization"},"potentialAction":[{"@type":"SearchAction","target":{"@type":"EntryPoint","urlTemplate":"https:\/\/acplasticjsc.com\/vi\/?s={search_term_string}"},"query-input":"required name=search_term_string"}],"inLanguage":"vi"},{"@type":"Organization","@id":"https:\/\/acplasticjsc.com\/vi\/#organization","name":"ACPlastic JSC","url":"https:\/\/acplasticjsc.com\/vi\/","logo":{"@type":"ImageObject","inLanguage":"vi","@id":"https:\/\/acplasticjsc.com\/vi\/#\/schema\/logo\/image\/","url":"http:\/\/acplasticjsc.com\/wp-content\/uploads\/2022\/12\/logo.png","contentUrl":"http:\/\/acplasticjsc.com\/wp-content\/uploads\/2022\/12\/logo.png","width":184,"height":139,"caption":"ACPlastic JSC"},"image":{"@id":"https:\/\/acplasticjsc.com\/vi\/#\/schema\/logo\/image\/"},"sameAs":["https:\/\/www.facebook.com\/acplasticbag\/"]}]}},"_links":{"self":[{"href":"https:\/\/acplasticjsc.com\/vi\/wp-json\/wp\/v2\/product\/1154\/"}],"collection":[{"href":"https:\/\/acplasticjsc.com\/vi\/wp-json\/wp\/v2\/product\/"}],"about":[{"href":"https:\/\/acplasticjsc.com\/vi\/wp-json\/wp\/v2\/types\/product\/"}],"wp:featuredmedia":[{"embeddable":true,"href":"https:\/\/acplasticjsc.com\/vi\/wp-json\/wp\/v2\/media\/831\/"}],"wp:attachment":[{"href":"https:\/\/acplasticjsc.com\/vi\/wp-json\/wp\/v2\/media\/?parent=1154"}],"wp:term":[{"taxonomy":"category_product","embeddable":true,"href":"https:\/\/acplasticjsc.com\/vi\/wp-json\/wp\/v2\/category_product\/?post=1154"}],"curies":[{"name":"wp","href":"https:\/\/api.w.org\/{rel}","templated":true}]}}